{"id":949,"date":"2024-09-26T10:57:23","date_gmt":"2024-09-26T08:57:23","guid":{"rendered":"https:\/\/lms-privatschule.ch\/?page_id=949"},"modified":"2024-09-26T10:57:23","modified_gmt":"2024-09-26T08:57:23","slug":"lernplan-21-und-montessori-paedagogik","status":"publish","type":"page","link":"https:\/\/lms-privatschule.ch\/en\/lernplan-21-und-montessori-paedagogik\/","title":{"rendered":"Lernplan 21 und Montessori P\u00e4dagogik"},"content":{"rendered":"<p class=\"has-text-align-center wp-block-paragraph\"><strong>Unser Lehrplan und p\u00e4dagogischer Ansatz: Lernplan 21 und Montessori-P\u00e4dagogik<\/strong><\/p>\n\n\n\n<p class=\"has-text-align-center wp-block-paragraph\">In unserer Privatschule orientieren wir uns am offiziellen&nbsp;<strong>Lehrplan 21<\/strong>, der in der gesamten Deutschschweiz, einschliesslich des Kantons Z\u00fcrich, angewendet wird. Der Lehrplan 21 bietet eine klare Struktur und definiert die Kompetenzen, die Sch\u00fclerinnen und Sch\u00fcler in den verschiedenen F\u00e4chern und Jahrgangsstufen erwerben sollen. Dabei verwenden wir die&nbsp;<strong>offiziellen Schulb\u00fccher des Kantons Z\u00fcrich<\/strong>, die auf diesen Lehrplan abgestimmt sind. Dies gew\u00e4hrleistet, dass unsere Sch\u00fclerinnen und Sch\u00fcler inhaltlich auf dem gleichen Niveau unterrichtet werden wie in den \u00f6ffentlichen Schulen.<\/p>\n\n\n\n<p class=\"has-text-align-center wp-block-paragraph\">Die Einhaltung des Lehrplans 21 ist f\u00fcr uns als Schule von grosser Bedeutung, da er eine solide Grundlage f\u00fcr&nbsp;<strong>Zeugnisse und \u00dcbertritte<\/strong>&nbsp;in die Volksschule bietet. So stellen wir sicher, dass unsere Sch\u00fclerinnen und Sch\u00fcler bei einem m\u00f6glichen Wechsel in eine \u00f6ffentliche Schule nahtlos in das bestehende System integriert werden k\u00f6nnen.<\/p>\n\n\n\n<p class=\"has-text-align-center wp-block-paragraph\">Neben dem Lehrplan 21 spielt bei uns auch die&nbsp;<strong>Montessori-P\u00e4dagogik<\/strong>&nbsp;eine zentrale Rolle. Diese ganzheitliche und kindzentrierte Methode erg\u00e4nzt unseren Unterricht auf wertvolle Weise. Die Montessori-P\u00e4dagogik legt grossen Wert auf individuelle F\u00f6rderung, selbstgesteuertes Lernen und die Entwicklung von Eigenverantwortung. Wir sind \u00fcberzeugt, dass die Kombination aus dem strukturierten Lernplan 21 und den Prinzipien der Montessori-P\u00e4dagogik unseren Sch\u00fclerinnen und Sch\u00fclern das Beste aus beiden Welten bietet: einen klaren Lernweg mit Raum f\u00fcr Kreativit\u00e4t und pers\u00f6nliche Entfaltung.<\/p>\n\n\n\n<p class=\"has-text-align-center wp-block-paragraph\">Diese beiden Ans\u00e4tze bilden die&nbsp;<strong>Grundpfeiler unserer schulischen Philosophie<\/strong>&nbsp;und sorgen daf\u00fcr, dass sich unsere Sch\u00fclerinnen und Sch\u00fcler sowohl akademisch als auch pers\u00f6nlich optimal entwickeln k\u00f6nnen.<\/p>","protected":false},"excerpt":{"rendered":"<p>Unser Lehrplan und p\u00e4dagogischer Ansatz: Lernplan 21 und Montessori-P\u00e4dagogik In unserer Privatschule orientieren wir uns am offiziellen&nbsp;Lehrplan 21, der in der gesamten Deutschschweiz, einschliesslich des Kantons Z\u00fcrich, angewendet wird. Der Lehrplan 21 bietet eine klare Struktur und definiert die Kompetenzen, die Sch\u00fclerinnen und Sch\u00fcler in den verschiedenen F\u00e4chern und Jahrgangsstufen erwerben sollen. Dabei verwenden wir [&hellip;]<\/p>\n","protected":false},"author":247063526,"featured_media":0,"parent":0,"menu_order":0,"comment_status":"closed","ping_status":"closed","template":"","meta":{"_acf_changed":false,"_eb_attr":"","_crdt_document":"","advanced_seo_description":"","jetpack_seo_html_title":"","jetpack_seo_noindex":false,"jetpack_post_was_ever_published":false,"footnotes":""},"categories":[],"tags":[],"class_list":["post-949","page","type-page","status-publish","hentry"],"acf":[],"mb":[],"jetpack_likes_enabled":true,"jetpack_sharing_enabled":true,"jetpack_shortlink":"https:\/\/wp.me\/PfNxEx-fj","jetpack-related-posts":[{"id":58,"url":"https:\/\/lms-privatschule.ch\/en\/dienstleistungen\/","url_meta":{"origin":949,"position":0},"title":"Services","author":"Victoria Asanin","date":"29. May 2024","format":false,"excerpt":"Unser p\u00e4dagogisches Konzept ist darauf ausgerichtet, den individuellen Bed\u00fcrfnissen jedes Kindes gerecht zu werden und eine ganzheitliche Entwicklung zu f\u00f6rdern. Wir bieten eine Vielzahl von Dienstleistungen an, um sicherzustellen, dass jedes Kind die bestm\u00f6gliche Bildung erh\u00e4lt. P\u00e4dagogisches Konzept Unser p\u00e4dagogisches Konzept basiert auf der Erkenntnis, dass jedes Kind einzigartig ist\u2026","rel":"","context":"Similar post","block_context":{"text":"Similar post","link":""},"img":{"alt_text":"","src":"https:\/\/i0.wp.com\/lms-privatschule.ch\/wp-content\/uploads\/2024\/05\/pexels-hannah-grapp-108389242-9660876.jpg?resize=350%2C200&ssl=1","width":350,"height":200,"srcset":"https:\/\/i0.wp.com\/lms-privatschule.ch\/wp-content\/uploads\/2024\/05\/pexels-hannah-grapp-108389242-9660876.jpg?resize=350%2C200&ssl=1 1x, https:\/\/i0.wp.com\/lms-privatschule.ch\/wp-content\/uploads\/2024\/05\/pexels-hannah-grapp-108389242-9660876.jpg?resize=525%2C300&ssl=1 1.5x, https:\/\/i0.wp.com\/lms-privatschule.ch\/wp-content\/uploads\/2024\/05\/pexels-hannah-grapp-108389242-9660876.jpg?resize=700%2C400&ssl=1 2x, https:\/\/i0.wp.com\/lms-privatschule.ch\/wp-content\/uploads\/2024\/05\/pexels-hannah-grapp-108389242-9660876.jpg?resize=1050%2C600&ssl=1 3x"},"classes":[]},{"id":468,"url":"https:\/\/lms-privatschule.ch\/en\/unsere-primar-und-mittelstufe\/","url_meta":{"origin":949,"position":1},"title":"Our primary and middle school","author":"Victoria Asanin","date":"11. July 2024","format":false,"excerpt":"\u00a0 \"Wo Lernen zu einer spannenden Reise wird.\" \u00a0 \u00a0 Details \u00a0 Individuelle F\u00f6rderung und Vorbereitung auf die Oberstufe In unserer Privatschule setzen wir den Lehrplan 21 um und arbeiten nach dem Montessori Prinzip. Dadurch bieten wir eine individuelle F\u00f6rderung, die jeden Sch\u00fcler und jede Sch\u00fclerin in seinem\/ihrem eigenen Tempo\u2026","rel":"","context":"Similar post","block_context":{"text":"Similar post","link":""},"img":{"alt_text":"","src":"https:\/\/i0.wp.com\/lms-privatschule.ch\/wp-content\/uploads\/2024\/07\/4.png?resize=350%2C200&ssl=1","width":350,"height":200,"srcset":"https:\/\/i0.wp.com\/lms-privatschule.ch\/wp-content\/uploads\/2024\/07\/4.png?resize=350%2C200&ssl=1 1x, https:\/\/i0.wp.com\/lms-privatschule.ch\/wp-content\/uploads\/2024\/07\/4.png?resize=525%2C300&ssl=1 1.5x, https:\/\/i0.wp.com\/lms-privatschule.ch\/wp-content\/uploads\/2024\/07\/4.png?resize=700%2C400&ssl=1 2x, https:\/\/i0.wp.com\/lms-privatschule.ch\/wp-content\/uploads\/2024\/07\/4.png?resize=1050%2C600&ssl=1 3x, https:\/\/i0.wp.com\/lms-privatschule.ch\/wp-content\/uploads\/2024\/07\/4.png?resize=1400%2C800&ssl=1 4x"},"classes":[]},{"id":636,"url":"https:\/\/lms-privatschule.ch\/en\/faq\/","url_meta":{"origin":949,"position":2},"title":"FAQ","author":"Victoria Asanin","date":"14. August 2024","format":false,"excerpt":"Wie funktioniert das Anmeldeverfahren an unserer Privatschule? Unser Anmeldeverfahren ist ganz einfach und unkompliziert gestaltet. Zuerst bieten wir Ihnen und Ihrem Kind die M\u00f6glichkeit, uns kennenzulernen \u2013 entweder durch einen Schnuppertag oder eine Schnupperwoche an unserer Privatschule. So k\u00f6nnen Sie einen ersten Eindruck gewinnen und sicherstellen, dass unsere Schule die\u2026","rel":"","context":"Similar post","block_context":{"text":"Similar post","link":""},"img":{"alt_text":"","src":"","width":0,"height":0},"classes":[]},{"id":1961,"url":"https:\/\/lms-privatschule.ch\/en\/openday\/","url_meta":{"origin":949,"position":3},"title":"Tag der offenen T\u00fcr &#8211; Flohmarkt erleben!","author":"michelgirault","date":"29. May 2025","format":false,"excerpt":"Samstag, 14. Juni 2025 - Huebwiesenstrasse 1, 8954 GeroldswilTag der offenen T\u00fcr \u2013 LMS Privatschule & Kita10:00\u201316:00 Uhr - Eintritt frei, keine Anmeldung erforderlich Einblick in unsere Primarstufe & Kita (ab 18 Monaten)Vorstellung des neuen, digitalen LernkonzeptsLive-Demo des Lernsystems (angepasst an Lehrplan 21) Pers\u00f6nliche Gespr\u00e4che mit P\u00e4dagog:innen & SchulleitungF\u00fchrungen durch\u2026","rel":"","context":"Similar post","block_context":{"text":"Similar post","link":""},"img":{"alt_text":"","src":"https:\/\/i0.wp.com\/lms-privatschule.ch\/wp-content\/uploads\/2025\/05\/image_ld_children-150x150.png?resize=350%2C200&ssl=1","width":350,"height":200},"classes":[]},{"id":60,"url":"https:\/\/lms-privatschule.ch\/en\/team\/","url_meta":{"origin":949,"position":4},"title":"Discover our team","author":"Victoria Asanin","date":"29. May 2024","format":false,"excerpt":"Ein engagiertes Team, das individuelle Lernwege versteht und st\u00e4rkt.Ausgebildet, erfahren und der Entwicklung jedes Kindes verpflichtet. Erfahren Sie mehr \u00fcber unsere p\u00e4dagogische Leitung, unsere Lehrkr\u00e4fte und unser Verwaltungspersonal. Tagesschule PrimarlehrerinKarinMontessori Diplomiert Sport und Tanzlehrerin Rettungsschwimmerin Primarlehrer MittelstufeStefani.A zum Grundschullehrer BBA Banking & FinanceHWZ Bachelor of Business Administration \u00a0 Lehrer Mittel-\u2026","rel":"","context":"Similar post","block_context":{"text":"Similar post","link":""},"img":{"alt_text":"","src":"https:\/\/i0.wp.com\/lms-privatschule.ch\/wp-content\/uploads\/2026\/01\/Karin-300x300.png?resize=350%2C200&ssl=1","width":350,"height":200},"classes":[]},{"id":48,"url":"https:\/\/lms-privatschule.ch\/en\/uber\/","url_meta":{"origin":949,"position":5},"title":"Over","author":"Victoria Asanin","date":"29. May 2024","format":false,"excerpt":"Willkommen bei Les Monts Savants, der Privatschule nach Montessori in Geroldswil. Die LMS Privatschule bietet ein innovatives Bildungskonzept in einer inspirierender Lernumgebung an, in der jedes Kind sein volles Potenzial entfalten kann. \u00a0 1. Einleitung In einer Welt des st\u00e4ndigen Wandels und der zunehmenden Komplexit\u00e4t, ist eine zeitgem\u00e4sse Bildung von\u2026","rel":"","context":"Similar post","block_context":{"text":"Similar post","link":""},"img":{"alt_text":"","src":"https:\/\/i0.wp.com\/lms-privatschule.ch\/wp-content\/uploads\/2024\/05\/pexels-googledeepmind-18069520.jpg?resize=350%2C200&ssl=1","width":350,"height":200,"srcset":"https:\/\/i0.wp.com\/lms-privatschule.ch\/wp-content\/uploads\/2024\/05\/pexels-googledeepmind-18069520.jpg?resize=350%2C200&ssl=1 1x, https:\/\/i0.wp.com\/lms-privatschule.ch\/wp-content\/uploads\/2024\/05\/pexels-googledeepmind-18069520.jpg?resize=525%2C300&ssl=1 1.5x, https:\/\/i0.wp.com\/lms-privatschule.ch\/wp-content\/uploads\/2024\/05\/pexels-googledeepmind-18069520.jpg?resize=700%2C400&ssl=1 2x, https:\/\/i0.wp.com\/lms-privatschule.ch\/wp-content\/uploads\/2024\/05\/pexels-googledeepmind-18069520.jpg?resize=1050%2C600&ssl=1 3x"},"classes":[]}],"mfb_rest_fields":["title","wpcom_performance_report_url","jetpack_likes_enabled","jetpack_sharing_enabled","jetpack_shortlink","jetpack-related-posts","gutenberg_elementor_mode"],"_links":{"self":[{"href":"https:\/\/lms-privatschule.ch\/en\/wp-json\/wp\/v2\/pages\/949","targetHints":{"allow":["GET"]}}],"collection":[{"href":"https:\/\/lms-privatschule.ch\/en\/wp-json\/wp\/v2\/pages"}],"about":[{"href":"https:\/\/lms-privatschule.ch\/en\/wp-json\/wp\/v2\/types\/page"}],"author":[{"embeddable":true,"href":"https:\/\/lms-privatschule.ch\/en\/wp-json\/wp\/v2\/users\/247063526"}],"replies":[{"embeddable":true,"href":"https:\/\/lms-privatschule.ch\/en\/wp-json\/wp\/v2\/comments?post=949"}],"version-history":[{"count":1,"href":"https:\/\/lms-privatschule.ch\/en\/wp-json\/wp\/v2\/pages\/949\/revisions"}],"predecessor-version":[{"id":950,"href":"https:\/\/lms-privatschule.ch\/en\/wp-json\/wp\/v2\/pages\/949\/revisions\/950"}],"wp:attachment":[{"href":"https:\/\/lms-privatschule.ch\/en\/wp-json\/wp\/v2\/media?parent=949"}],"wp:term":[{"taxonomy":"category","embeddable":true,"href":"https:\/\/lms-privatschule.ch\/en\/wp-json\/wp\/v2\/categories?post=949"},{"taxonomy":"post_tag","embeddable":true,"href":"https:\/\/lms-privatschule.ch\/en\/wp-json\/wp\/v2\/tags?post=949"}],"curies":[{"name":"wp","href":"https:\/\/api.w.org\/{rel}","templated":true}]}}