{"id":53,"date":"2024-05-29T15:37:32","date_gmt":"2024-05-29T13:37:32","guid":{"rendered":"https:\/\/lms-privatschule.ch\/kontakt\/"},"modified":"2025-11-22T12:09:29","modified_gmt":"2025-11-22T11:09:29","slug":"kontakt","status":"publish","type":"page","link":"https:\/\/lms-privatschule.ch\/en\/kontakt\/","title":{"rendered":"Contact"},"content":{"rendered":"<div class=\"wp-block-media-text alignwide is-stacked-on-mobile is-image-fill-element\" style=\"margin-top: var(--wp--preset--spacing--50); margin-bottom: var(--wp--preset--spacing--50);\">\r\n<figure class=\"wp-block-media-text__media\"><img data-recalc-dims=\"1\" fetchpriority=\"high\" decoding=\"async\" width=\"1280\" height=\"1920\" data-attachment-id=\"126\" data-permalink=\"https:\/\/lms-privatschule.ch\/en\/kontakt\/pexels-karolina-grabowska-4491469\/\" data-orig-file=\"https:\/\/i0.wp.com\/lms-privatschule.ch\/wp-content\/uploads\/2024\/05\/pexels-karolina-grabowska-4491469.jpg?fit=1280%2C1920&amp;ssl=1\" data-orig-size=\"1280,1920\" data-comments-opened=\"1\" data-image-meta=\"{&quot;aperture&quot;:&quot;0&quot;,&quot;credit&quot;:&quot;&quot;,&quot;camera&quot;:&quot;&quot;,&quot;caption&quot;:&quot;&quot;,&quot;created_timestamp&quot;:&quot;0&quot;,&quot;copyright&quot;:&quot;&quot;,&quot;focal_length&quot;:&quot;0&quot;,&quot;iso&quot;:&quot;0&quot;,&quot;shutter_speed&quot;:&quot;0&quot;,&quot;title&quot;:&quot;&quot;,&quot;orientation&quot;:&quot;0&quot;}\" data-image-title=\"pexels-karolina-grabowska-4491469\" data-image-description=\"\" data-image-caption=\"\" data-medium-file=\"https:\/\/i0.wp.com\/lms-privatschule.ch\/wp-content\/uploads\/2024\/05\/pexels-karolina-grabowska-4491469.jpg?fit=200%2C300&amp;ssl=1\" data-large-file=\"https:\/\/i0.wp.com\/lms-privatschule.ch\/wp-content\/uploads\/2024\/05\/pexels-karolina-grabowska-4491469.jpg?fit=683%2C1024&amp;ssl=1\" class=\"wp-image-126 size-full\" style=\"object-position: 50% 50%;\" src=\"https:\/\/i0.wp.com\/lms-privatschule.ch\/wp-content\/uploads\/2024\/05\/pexels-karolina-grabowska-4491469.jpg?resize=1280%2C1920&#038;ssl=1\" alt=\"\" \/><\/figure>\r\n<div class=\"wp-block-media-text__content\">\r\n<div class=\"wp-block-group has-global-padding is-layout-constrained wp-block-group-is-layout-constrained\" style=\"padding-top: var(--wp--preset--spacing--40); padding-bottom: var(--wp--preset--spacing--40);\">\r\n<p class=\"has-text-align-center has-primary-color has-text-color has-link-color wp-elements-f4a266ba131110f2640b167cc2cc43da wp-block-paragraph\" style=\"font-size:clamp(1.25rem, 1.25rem + ((1vw - 0.2rem) * 0.938), 2rem);\">\u25a0<\/p>\r\n\r\n\r\n\r\n<h3 class=\"wp-block-heading has-text-align-center\">If you have any questions or are interested in our school, please do not hesitate to contact us.<\/h3>\r\n\r\n\r\n\r\n<p class=\"has-text-align-center has-work-sans-font-family wp-block-paragraph\">Please contact us for further information or to arrange a personal consultation.<\/p>\r\n\r\n\r\n\r\n<p class=\"has-text-align-center has-work-sans-font-family wp-block-paragraph\" style=\"font-size:clamp(0.984rem, 0.984rem + ((1vw - 0.2rem) * 0.645), 1.5rem);\">LMS Private School<br \/>Huebwiesenstrasse 1 <br \/>8954 Geroldswil<\/p>\r\n\r\n\r\n\r\n<p class=\"has-text-align-center has-work-sans-font-family wp-block-paragraph\" style=\"font-size:clamp(0.984rem, 0.984rem + ((1vw - 0.2rem) * 0.645), 1.5rem);\">Mail: <a href=\"mailto:info@lms-privatschule.ch\">info@lms-privatschule.ch<\/a><\/p>\r\n\r\n\r\n\r\n<p class=\"has-text-align-center has-work-sans-font-family wp-block-paragraph\" style=\"font-size:clamp(0.984rem, 0.984rem + ((1vw - 0.2rem) * 0.645), 1.5rem);\">Tel: <a href=\"tel:+41444420700\" target=\"_blank\" rel=\"noreferrer noopener\">+41444420700<\/a><\/p>\r\n\r\n\r\n\r\n<div class=\"wp-block-spacer\" style=\"height: 1px;\" aria-hidden=\"true\">\u00a0<\/div>\r\n\r\n\r\n<\/div>\r\n<\/div>\r\n<\/div>","protected":false},"excerpt":{"rendered":"","protected":false},"author":247063526,"featured_media":0,"parent":0,"menu_order":0,"comment_status":"closed","ping_status":"closed","template":"","meta":{"_acf_changed":false,"_eb_attr":"","_crdt_document":"","advanced_seo_description":"","jetpack_seo_html_title":"","jetpack_seo_noindex":false,"jetpack_post_was_ever_published":false,"footnotes":""},"categories":[],"tags":[],"class_list":["post-53","page","type-page","status-publish","hentry"],"acf":[],"mb":[],"jetpack_likes_enabled":true,"jetpack_sharing_enabled":true,"jetpack_shortlink":"https:\/\/wp.me\/PfNxEx-R","jetpack-related-posts":[{"id":3243,"url":"https:\/\/lms-privatschule.ch\/en\/kontakt-uns\/","url_meta":{"origin":53,"position":0},"title":"Contact us","author":"michelgirault","date":"30. January 2026","format":false,"excerpt":"","rel":"","context":"Similar post","block_context":{"text":"Similar post","link":""},"img":{"alt_text":"","src":"","width":0,"height":0},"classes":[]},{"id":1721,"url":"https:\/\/lms-privatschule.ch\/en\/allgemeine-datenschutzerklaerung\/","url_meta":{"origin":53,"position":1},"title":"General Data Protection Statement","author":"Victoria Asanin","date":"4. May 2025","format":false,"excerpt":"1. Einleitung Mit dieser Datenschutzerkl\u00e4rung informiert die LMS Privatschule (nachfolgend \u00abLMS\u00bb, \u00abwir\u00bb oder \u00abuns\u00bb) \u00fcber die Bearbeitung von Personendaten im Rahmen ihrer T\u00e4tigkeiten und Dienstleistungen, insbesondere im Zusammenhang mit unserer Website, Unterrichtsverwaltung und Kommunikation mit Interessierten, Sch\u00fcler:innen, Eltern, Mitarbeitenden und weiteren betroffenen Personen. Wir unterstehen dem schweizerischen Datenschutzrecht, insbesondere dem\u2026","rel":"","context":"Similar post","block_context":{"text":"Similar post","link":""},"img":{"alt_text":"","src":"","width":0,"height":0},"classes":[]},{"id":465,"url":"https:\/\/lms-privatschule.ch\/en\/unsere-vorschule-und-kindergarten\/","url_meta":{"origin":53,"position":2},"title":"Unsere Vorschule- und Kindergarten","author":"Victoria Asanin","date":"11. July 2024","format":false,"excerpt":"\u00a0 \"Entdecke, spiele, lerne: f\u00fcr eine starke Zukunft.\" \u00a0 \u00a0 Details \u00a0 Kreativit\u00e4t und Entfaltung In unserer Vorschule und im Kindergarten f\u00f6rdern wir die Kreativit\u00e4t und individuelle Entfaltung jedes Kindes. Durch spielerisches Lernen entdecken sie neue Interessen und entwickeln ihre F\u00e4higkeiten. \u00a0 Soziale Kompetenzen Auf dieser Stufe lernen die Kinder\u2026","rel":"","context":"Similar post","block_context":{"text":"Similar post","link":""},"img":{"alt_text":"","src":"https:\/\/i0.wp.com\/lms-privatschule.ch\/wp-content\/uploads\/2024\/07\/3.png?resize=350%2C200&ssl=1","width":350,"height":200,"srcset":"https:\/\/i0.wp.com\/lms-privatschule.ch\/wp-content\/uploads\/2024\/07\/3.png?resize=350%2C200&ssl=1 1x, https:\/\/i0.wp.com\/lms-privatschule.ch\/wp-content\/uploads\/2024\/07\/3.png?resize=525%2C300&ssl=1 1.5x, https:\/\/i0.wp.com\/lms-privatschule.ch\/wp-content\/uploads\/2024\/07\/3.png?resize=700%2C400&ssl=1 2x, https:\/\/i0.wp.com\/lms-privatschule.ch\/wp-content\/uploads\/2024\/07\/3.png?resize=1050%2C600&ssl=1 3x, https:\/\/i0.wp.com\/lms-privatschule.ch\/wp-content\/uploads\/2024\/07\/3.png?resize=1400%2C800&ssl=1 4x"},"classes":[]},{"id":468,"url":"https:\/\/lms-privatschule.ch\/en\/unsere-primar-und-mittelstufe\/","url_meta":{"origin":53,"position":3},"title":"Our primary and middle school","author":"Victoria Asanin","date":"11. July 2024","format":false,"excerpt":"\u00a0 \"Wo Lernen zu einer spannenden Reise wird.\" \u00a0 \u00a0 Details \u00a0 Individuelle F\u00f6rderung und Vorbereitung auf die Oberstufe In unserer Privatschule setzen wir den Lehrplan 21 um und arbeiten nach dem Montessori Prinzip. Dadurch bieten wir eine individuelle F\u00f6rderung, die jeden Sch\u00fcler und jede Sch\u00fclerin in seinem\/ihrem eigenen Tempo\u2026","rel":"","context":"Similar post","block_context":{"text":"Similar post","link":""},"img":{"alt_text":"","src":"https:\/\/i0.wp.com\/lms-privatschule.ch\/wp-content\/uploads\/2024\/07\/4.png?resize=350%2C200&ssl=1","width":350,"height":200,"srcset":"https:\/\/i0.wp.com\/lms-privatschule.ch\/wp-content\/uploads\/2024\/07\/4.png?resize=350%2C200&ssl=1 1x, https:\/\/i0.wp.com\/lms-privatschule.ch\/wp-content\/uploads\/2024\/07\/4.png?resize=525%2C300&ssl=1 1.5x, https:\/\/i0.wp.com\/lms-privatschule.ch\/wp-content\/uploads\/2024\/07\/4.png?resize=700%2C400&ssl=1 2x, https:\/\/i0.wp.com\/lms-privatschule.ch\/wp-content\/uploads\/2024\/07\/4.png?resize=1050%2C600&ssl=1 3x, https:\/\/i0.wp.com\/lms-privatschule.ch\/wp-content\/uploads\/2024\/07\/4.png?resize=1400%2C800&ssl=1 4x"},"classes":[]},{"id":1961,"url":"https:\/\/lms-privatschule.ch\/en\/openday\/","url_meta":{"origin":53,"position":4},"title":"Tag der offenen T\u00fcr &#8211; Flohmarkt erleben!","author":"michelgirault","date":"29. May 2025","format":false,"excerpt":"Samstag, 14. Juni 2025 - Huebwiesenstrasse 1, 8954 GeroldswilTag der offenen T\u00fcr \u2013 LMS Privatschule & Kita10:00\u201316:00 Uhr - Eintritt frei, keine Anmeldung erforderlich Einblick in unsere Primarstufe & Kita (ab 18 Monaten)Vorstellung des neuen, digitalen LernkonzeptsLive-Demo des Lernsystems (angepasst an Lehrplan 21) Pers\u00f6nliche Gespr\u00e4che mit P\u00e4dagog:innen & SchulleitungF\u00fchrungen durch\u2026","rel":"","context":"Similar post","block_context":{"text":"Similar post","link":""},"img":{"alt_text":"","src":"https:\/\/i0.wp.com\/lms-privatschule.ch\/wp-content\/uploads\/2025\/05\/image_ld_children-150x150.png?resize=350%2C200&ssl=1","width":350,"height":200},"classes":[]},{"id":1064,"url":"https:\/\/lms-privatschule.ch\/en\/nachhilfe-unterricht\/","url_meta":{"origin":53,"position":5},"title":"Nachhilfeunterricht und Hausaufgabenbetreuung","author":"Victoria Asanin","date":"21. October 2024","format":false,"excerpt":"Preise Nachhilfeunterricht und Hausaufgabenbetreuung 45 CHF Pro Stunde mit einer qualifizierten Lehrperson. Jetzt Kontakt aufnehmen Die individuelle F\u00f6rderung jedes einzelnen Sch\u00fclers liegt uns an der Privatschule Geroldswil besonders am Herzen. Mit unserem Nachhilfe- und Hausaufgabenbetreuungsangebot bis zur 1. Oberstufe f\u00fcr unsere Sch\u00fclerinnen und Sch\u00fcler aber auch f\u00fcr Sch\u00fcler der \u00f6ffentlichen\u2026","rel":"","context":"Similar post","block_context":{"text":"Similar post","link":""},"img":{"alt_text":"","src":"","width":0,"height":0},"classes":[]}],"mfb_rest_fields":["title","wpcom_performance_report_url","jetpack_likes_enabled","jetpack_sharing_enabled","jetpack_shortlink","jetpack-related-posts","gutenberg_elementor_mode"],"_links":{"self":[{"href":"https:\/\/lms-privatschule.ch\/en\/wp-json\/wp\/v2\/pages\/53","targetHints":{"allow":["GET"]}}],"collection":[{"href":"https:\/\/lms-privatschule.ch\/en\/wp-json\/wp\/v2\/pages"}],"about":[{"href":"https:\/\/lms-privatschule.ch\/en\/wp-json\/wp\/v2\/types\/page"}],"author":[{"embeddable":true,"href":"https:\/\/lms-privatschule.ch\/en\/wp-json\/wp\/v2\/users\/247063526"}],"replies":[{"embeddable":true,"href":"https:\/\/lms-privatschule.ch\/en\/wp-json\/wp\/v2\/comments?post=53"}],"version-history":[{"count":21,"href":"https:\/\/lms-privatschule.ch\/en\/wp-json\/wp\/v2\/pages\/53\/revisions"}],"predecessor-version":[{"id":2568,"href":"https:\/\/lms-privatschule.ch\/en\/wp-json\/wp\/v2\/pages\/53\/revisions\/2568"}],"wp:attachment":[{"href":"https:\/\/lms-privatschule.ch\/en\/wp-json\/wp\/v2\/media?parent=53"}],"wp:term":[{"taxonomy":"category","embeddable":true,"href":"https:\/\/lms-privatschule.ch\/en\/wp-json\/wp\/v2\/categories?post=53"},{"taxonomy":"post_tag","embeddable":true,"href":"https:\/\/lms-privatschule.ch\/en\/wp-json\/wp\/v2\/tags?post=53"}],"curies":[{"name":"wp","href":"https:\/\/api.w.org\/{rel}","templated":true}]}}